{"id":3307,"date":"2023-01-16T14:06:23","date_gmt":"2023-01-16T13:06:23","guid":{"rendered":"https:\/\/lydogkabel.dk\/?post_type=product&#038;p=3307"},"modified":"2023-06-06T09:46:25","modified_gmt":"2023-06-06T07:46:25","slug":"ortofon-reference-series-red-rca-1-meter","status":"publish","type":"product","link":"https:\/\/lydogkabel.dk\/index.php\/vare\/ortofon-reference-series-red-rca-1-meter\/","title":{"rendered":"Ortofon Reference Series Red (RCA 1 meter)"},"content":{"rendered":"<p><img decoding=\"async\" class=\"wp-image-3313 alignleft lazyload\" data-src=\"https:\/\/lydogkabel.dk\/wp-content\/uploads\/2023\/01\/ref-red-cable-cut-1-297x300.png\" alt=\"\" width=\"200\" height=\"202\" data-srcset=\"https:\/\/lydogkabel.dk\/wp-content\/uploads\/2023\/01\/ref-red-cable-cut-1-297x300.png 297w, https:\/\/lydogkabel.dk\/wp-content\/uploads\/2023\/01\/ref-red-cable-cut-1-100x100.png 100w, https:\/\/lydogkabel.dk\/wp-content\/uploads\/2023\/01\/ref-red-cable-cut-1.png 495w\" data-sizes=\"(max-width: 200px) 100vw, 200px\" src=\"data:image\/svg+xml;base64,PHN2ZyB3aWR0aD0iMSIgaGVpZ2h0PSIxIiB4bWxucz0iaHR0cDovL3d3dy53My5vcmcvMjAwMC9zdmciPjwvc3ZnPg==\" style=\"--smush-placeholder-width: 200px; --smush-placeholder-aspect-ratio: 200\/202;\" \/><\/p>\n<h2><\/h2>\n<h2><\/h2>\n<h2><\/h2>\n<h2><\/h2>\n<h2 class=\"text-image__header\">Reference Red technical configuration<\/h2>\n<ul>\n<li>\u2460 Signal conductors:<br \/>\n\u2022 OFC (Oxygen-free copper) \u00d8 0.5 mm + \u00d8 0.32 mm \u00d7 7<br \/>\n\u2022 HiFC (<a href=\"http:\/\/www.hitachi-metals.co.jp\/e\/products\/auto\/el\/purecopper_hifc.html\" target=\"_blank\" rel=\"noopener\">High performance pure copper<\/a>) \u00d8 0.12 mm \u00d7 28<br \/>\n\u2461\u00a0Signal conductors:<br \/>\n\u2022 OFC (Oxygen-free copper) \u00d8 0.5 mm + \u00d8 0.32 mm \u00d7 7<\/p>\n<p>\u2022 HiFC (<a href=\"http:\/\/www.hitachi-metals.co.jp\/e\/products\/auto\/el\/purecopper_hifc.html\" target=\"_blank\" rel=\"noopener\">High performance pure copper<\/a>) \u00d8 0.12 mm \u00d7 28<br \/>\n\u2462 Damping material: Cotton fiber<br \/>\n\u2463 Shield: Aluminuim tape<br \/>\n\u2464 Shield: Braided Tin-plated 3N copper wire\u00a0\u00d8\u00a00.1 mm \u00d7 10 \u00d7 16<br \/>\n\u2465 Insulation: Halogen-free highly resilient elastomer<br \/>\n\u2466 Cable diameter: 7.5 mm<br \/>\n\u2467 Insulation: PE<\/li>\n<\/ul>\n","protected":false},"excerpt":{"rendered":"<h2 class=\"text-image__header\">Ortofon Reference Red cable<\/h2>\n<p>The Reference Red Interconnect cable is a perfect combination [&hellip;]<\/p>\n","protected":false},"featured_media":3308,"template":"","meta":{"_acf_changed":false},"product_brand":[],"product_cat":[17],"product_tag":[132,22,140,1573],"class_list":{"0":"post-3307","1":"product","2":"type-product","3":"status-publish","4":"has-post-thumbnail","6":"product_cat-phono-kabel-rca","7":"product_tag-ortofon","8":"product_tag-rca","9":"product_tag-red","10":"product_tag-reference-series","12":"first","13":"instock","14":"taxable","15":"shipping-taxable","16":"purchasable","17":"product-type-simple"},"acf":[],"_links":{"self":[{"href":"https:\/\/lydogkabel.dk\/index.php\/wp-json\/wp\/v2\/product\/3307","targetHints":{"allow":["GET"]}}],"collection":[{"href":"https:\/\/lydogkabel.dk\/index.php\/wp-json\/wp\/v2\/product"}],"about":[{"href":"https:\/\/lydogkabel.dk\/index.php\/wp-json\/wp\/v2\/types\/product"}],"wp:featuredmedia":[{"embeddable":true,"href":"https:\/\/lydogkabel.dk\/index.php\/wp-json\/wp\/v2\/media\/3308"}],"wp:attachment":[{"href":"https:\/\/lydogkabel.dk\/index.php\/wp-json\/wp\/v2\/media?parent=3307"}],"wp:term":[{"taxonomy":"product_brand","embeddable":true,"href":"https:\/\/lydogkabel.dk\/index.php\/wp-json\/wp\/v2\/product_brand?post=3307"},{"taxonomy":"product_cat","embeddable":true,"href":"https:\/\/lydogkabel.dk\/index.php\/wp-json\/wp\/v2\/product_cat?post=3307"},{"taxonomy":"product_tag","embeddable":true,"href":"https:\/\/lydogkabel.dk\/index.php\/wp-json\/wp\/v2\/product_tag?post=3307"}],"curies":[{"name":"wp","href":"https:\/\/api.w.org\/{rel}","templated":true}]}}