{"id":3093,"date":"2022-10-17T00:29:12","date_gmt":"2022-10-16T22:29:12","guid":{"rendered":"https:\/\/lydogkabel.dk\/?post_type=product&#038;p=3093"},"modified":"2022-10-17T00:29:13","modified_gmt":"2022-10-16T22:29:13","slug":"sinox-sxi1032-8tals-kabel-hvid-15-meter","status":"publish","type":"product","link":"https:\/\/lydogkabel.dk\/index.php\/vare\/sinox-sxi1032-8tals-kabel-hvid-15-meter\/","title":{"rendered":"Sinox SXI1032, 8tals kabel, hvid (1,5 meter)"},"content":{"rendered":"","protected":false},"excerpt":{"rendered":"<p>Sinox iMedia str\u00f8mkabel fra almindeligt v\u00e6gudtag til 8-tals str\u00f8mstik.<\/p>\n<ul>\n<li>2,5A 230V<\/li>\n<li>Blisterpakket<\/li>\n<\/ul>\n<p> [&hellip;]<\/p>\n","protected":false},"featured_media":3095,"template":"","meta":{"_acf_changed":false},"product_brand":[],"product_cat":[216],"product_tag":[1531,1530,1533],"class_list":{"0":"post-3093","1":"product","2":"type-product","3":"status-publish","4":"has-post-thumbnail","6":"product_cat-power-kabler","7":"product_tag-8talskabel","8":"product_tag-netledning","9":"product_tag-stroemkabel","11":"first","12":"instock","13":"taxable","14":"shipping-taxable","15":"purchasable","16":"product-type-simple"},"acf":[],"_links":{"self":[{"href":"https:\/\/lydogkabel.dk\/index.php\/wp-json\/wp\/v2\/product\/3093","targetHints":{"allow":["GET"]}}],"collection":[{"href":"https:\/\/lydogkabel.dk\/index.php\/wp-json\/wp\/v2\/product"}],"about":[{"href":"https:\/\/lydogkabel.dk\/index.php\/wp-json\/wp\/v2\/types\/product"}],"wp:featuredmedia":[{"embeddable":true,"href":"https:\/\/lydogkabel.dk\/index.php\/wp-json\/wp\/v2\/media\/3095"}],"wp:attachment":[{"href":"https:\/\/lydogkabel.dk\/index.php\/wp-json\/wp\/v2\/media?parent=3093"}],"wp:term":[{"taxonomy":"product_brand","embeddable":true,"href":"https:\/\/lydogkabel.dk\/index.php\/wp-json\/wp\/v2\/product_brand?post=3093"},{"taxonomy":"product_cat","embeddable":true,"href":"https:\/\/lydogkabel.dk\/index.php\/wp-json\/wp\/v2\/product_cat?post=3093"},{"taxonomy":"product_tag","embeddable":true,"href":"https:\/\/lydogkabel.dk\/index.php\/wp-json\/wp\/v2\/product_tag?post=3093"}],"curies":[{"name":"wp","href":"https:\/\/api.w.org\/{rel}","templated":true}]}}