{"id":3007,"date":"2022-10-12T00:49:43","date_gmt":"2022-10-11T22:49:43","guid":{"rendered":"https:\/\/lydogkabel.dk\/?post_type=product&#038;p=3007"},"modified":"2022-10-12T00:49:44","modified_gmt":"2022-10-11T22:49:44","slug":"bananstik-4mm-saet-a-roed-og-sort","status":"publish","type":"product","link":"https:\/\/lydogkabel.dk\/index.php\/vare\/bananstik-4mm-saet-a-roed-og-sort\/","title":{"rendered":"Bananstik 4mm (s\u00e6t \u00e1 r\u00f8d og sort)"},"content":{"rendered":"","protected":false},"excerpt":{"rendered":"<p>Standard bananstik 24K guldbelagte. [&hellip;]<\/p>\n","protected":false},"featured_media":3008,"template":"","meta":{"_acf_changed":false},"product_brand":[],"product_cat":[1299],"product_tag":[1302,93,1300],"class_list":{"0":"post-3007","1":"product","2":"type-product","3":"status-publish","4":"has-post-thumbnail","6":"product_cat-stik","7":"product_tag-banan","8":"product_tag-hoejttaler","9":"product_tag-stik","11":"first","12":"instock","13":"taxable","14":"shipping-taxable","15":"purchasable","16":"product-type-simple"},"acf":[],"_links":{"self":[{"href":"https:\/\/lydogkabel.dk\/index.php\/wp-json\/wp\/v2\/product\/3007","targetHints":{"allow":["GET"]}}],"collection":[{"href":"https:\/\/lydogkabel.dk\/index.php\/wp-json\/wp\/v2\/product"}],"about":[{"href":"https:\/\/lydogkabel.dk\/index.php\/wp-json\/wp\/v2\/types\/product"}],"wp:featuredmedia":[{"embeddable":true,"href":"https:\/\/lydogkabel.dk\/index.php\/wp-json\/wp\/v2\/media\/3008"}],"wp:attachment":[{"href":"https:\/\/lydogkabel.dk\/index.php\/wp-json\/wp\/v2\/media?parent=3007"}],"wp:term":[{"taxonomy":"product_brand","embeddable":true,"href":"https:\/\/lydogkabel.dk\/index.php\/wp-json\/wp\/v2\/product_brand?post=3007"},{"taxonomy":"product_cat","embeddable":true,"href":"https:\/\/lydogkabel.dk\/index.php\/wp-json\/wp\/v2\/product_cat?post=3007"},{"taxonomy":"product_tag","embeddable":true,"href":"https:\/\/lydogkabel.dk\/index.php\/wp-json\/wp\/v2\/product_tag?post=3007"}],"curies":[{"name":"wp","href":"https:\/\/api.w.org\/{rel}","templated":true}]}}