{"id":29,"date":"2019-09-19T11:51:18","date_gmt":"2019-09-19T09:51:18","guid":{"rendered":"http:\/\/lydogkabel.dk\/index.php\/vare\/import-placeholder-for-858\/"},"modified":"2023-08-14T10:11:00","modified_gmt":"2023-08-14T08:11:00","slug":"supra-cables-usb-2-0-a-b-blue-1meter","status":"publish","type":"product","link":"https:\/\/lydogkabel.dk\/index.php\/vare\/supra-cables-usb-2-0-a-b-blue-1meter\/","title":{"rendered":"SUPRA Cables USB 2.0 A-B Blue           1meter"},"content":{"rendered":"<p>Anmelder rost kvalitets USB 2.0 kabel fra Supra. Meget velegnet til digital overf\u00f8rsel mellem afspiller af lyd med USB til DAC eller forst\u00e6rker med USB tilslutning. <\/p>\n<p>Et fleksibelt Kabel, med dobbelt sk\u00e6rm for bedste indstr\u00e5lingsbeskyttelse. Et par til data og et par til str\u00f8m, individuel sk\u00e6rmet med lav kapacitet og effektiv st\u00f8j beskyttelse. Uforvr\u00e6nget signal med hastigheder p\u00e5 op til 1200 Mbps.<\/p>\n","protected":false},"excerpt":{"rendered":"<p>Standard\tUSB 2.0, Hi-Speed<br \/>\nConnectors\tUSB A Male to USB B Male<br \/>\nSignal [&hellip;]<\/p>\n","protected":false},"featured_media":60,"template":"","meta":{"_acf_changed":false},"product_brand":[],"product_cat":[29,46],"product_tag":[],"class_list":{"0":"post-29","1":"product","2":"type-product","3":"status-publish","4":"has-post-thumbnail","6":"product_cat-digitalkabler","7":"product_cat-brugt-og-demo-salg","9":"first","10":"instock","11":"sale","12":"taxable","13":"shipping-taxable","14":"purchasable","15":"product-type-simple"},"acf":[],"_links":{"self":[{"href":"https:\/\/lydogkabel.dk\/index.php\/wp-json\/wp\/v2\/product\/29","targetHints":{"allow":["GET"]}}],"collection":[{"href":"https:\/\/lydogkabel.dk\/index.php\/wp-json\/wp\/v2\/product"}],"about":[{"href":"https:\/\/lydogkabel.dk\/index.php\/wp-json\/wp\/v2\/types\/product"}],"wp:featuredmedia":[{"embeddable":true,"href":"https:\/\/lydogkabel.dk\/index.php\/wp-json\/wp\/v2\/media\/60"}],"wp:attachment":[{"href":"https:\/\/lydogkabel.dk\/index.php\/wp-json\/wp\/v2\/media?parent=29"}],"wp:term":[{"taxonomy":"product_brand","embeddable":true,"href":"https:\/\/lydogkabel.dk\/index.php\/wp-json\/wp\/v2\/product_brand?post=29"},{"taxonomy":"product_cat","embeddable":true,"href":"https:\/\/lydogkabel.dk\/index.php\/wp-json\/wp\/v2\/product_cat?post=29"},{"taxonomy":"product_tag","embeddable":true,"href":"https:\/\/lydogkabel.dk\/index.php\/wp-json\/wp\/v2\/product_tag?post=29"}],"curies":[{"name":"wp","href":"https:\/\/api.w.org\/{rel}","templated":true}]}}