{"id":2874,"date":"2022-07-26T23:59:02","date_gmt":"2022-07-26T21:59:02","guid":{"rendered":"https:\/\/lydogkabel.dk\/?post_type=product&#038;p=2874"},"modified":"2022-07-26T23:59:03","modified_gmt":"2022-07-26T21:59:03","slug":"vq-hepburn-voice-sort-kobber","status":"publish","type":"product","link":"https:\/\/lydogkabel.dk\/index.php\/vare\/vq-hepburn-voice-sort-kobber\/","title":{"rendered":"VQ Hepburn Voice Sort\/kobber"},"content":{"rendered":"<ul>\n<li>Amazon Alexa indbygget<\/li>\n<li>Bluetooth\u00ae og Aux-in<\/li>\n<li>Dual Ultra-Wide 10W h\u00f8jttalere i fuld r\u00e6kkevidde (20W samlet output)<\/li>\n<li>Premium neodym magnet h\u00f8jttalerenheder<\/li>\n<li>Innovativ digital lydbehandlingsteknologi<\/li>\n<li>Fuldt justerbar EQ til personlig akustik<\/li>\n<li>H\u00f8jtydende energieffektivt Bluetooth\u00ae modul<\/li>\n<li>USB opladningsport (til telefon\/tablet)<\/li>\n<li>Str\u00f8mforsyning med UK\/EU-stik medf\u00f8lger<\/li>\n<li>Indbygget genopladeligt batteri 6,600 mAh<\/li>\n<li>Op til 8 timers spilletid p\u00e5 batteri<\/li>\n<li>Premium PU l\u00e6der<\/li>\n<li>Dimensioner: 31,4 x 16,6 x 9,4 cm<\/li>\n<li>V\u00e6gt: 1,8 kg<\/li>\n<\/ul>\n","protected":false},"excerpt":{"rendered":"<p><img decoding=\"async\" data-src=\"https:\/\/dk.selek.com\/ImageOrDefault.ashx?file=VQ.png&amp;type=manufactures&amp;sub=32\" src=\"data:image\/svg+xml;base64,PHN2ZyB3aWR0aD0iMSIgaGVpZ2h0PSIxIiB4bWxucz0iaHR0cDovL3d3dy53My5vcmcvMjAwMC9zdmciPjwvc3ZnPg==\" class=\"lazyload\" \/><\/p>\n<p>&nbsp;<\/p>\n<p>VQ Hepburn Voice kommer til at \u00e6ndre den m\u00e5de, du t\u00e6nker [&hellip;]<\/p>\n","protected":false},"featured_media":2877,"template":"","meta":{"_acf_changed":false},"product_brand":[],"product_cat":[103],"product_tag":[1476,1474,1477,1475],"class_list":{"0":"post-2874","1":"product","2":"type-product","3":"status-publish","4":"has-post-thumbnail","6":"product_cat-aktive-hoejttalere","7":"product_tag-alexa","8":"product_tag-bluetooth","9":"product_tag-traadloes","10":"product_tag-wifi","12":"first","13":"instock","14":"taxable","15":"shipping-taxable","16":"purchasable","17":"product-type-simple"},"acf":[],"_links":{"self":[{"href":"https:\/\/lydogkabel.dk\/index.php\/wp-json\/wp\/v2\/product\/2874","targetHints":{"allow":["GET"]}}],"collection":[{"href":"https:\/\/lydogkabel.dk\/index.php\/wp-json\/wp\/v2\/product"}],"about":[{"href":"https:\/\/lydogkabel.dk\/index.php\/wp-json\/wp\/v2\/types\/product"}],"wp:featuredmedia":[{"embeddable":true,"href":"https:\/\/lydogkabel.dk\/index.php\/wp-json\/wp\/v2\/media\/2877"}],"wp:attachment":[{"href":"https:\/\/lydogkabel.dk\/index.php\/wp-json\/wp\/v2\/media?parent=2874"}],"wp:term":[{"taxonomy":"product_brand","embeddable":true,"href":"https:\/\/lydogkabel.dk\/index.php\/wp-json\/wp\/v2\/product_brand?post=2874"},{"taxonomy":"product_cat","embeddable":true,"href":"https:\/\/lydogkabel.dk\/index.php\/wp-json\/wp\/v2\/product_cat?post=2874"},{"taxonomy":"product_tag","embeddable":true,"href":"https:\/\/lydogkabel.dk\/index.php\/wp-json\/wp\/v2\/product_tag?post=2874"}],"curies":[{"name":"wp","href":"https:\/\/api.w.org\/{rel}","templated":true}]}}