{"id":287,"date":"2019-09-19T11:56:57","date_gmt":"2019-09-19T09:56:57","guid":{"rendered":"http:\/\/lydogkabel.dk\/index.php\/vare\/import-placeholder-for-1404\/"},"modified":"2022-11-10T11:51:17","modified_gmt":"2022-11-10T10:51:17","slug":"atoll-electronique-in100se","status":"publish","type":"product","link":"https:\/\/lydogkabel.dk\/index.php\/vare\/atoll-electronique-in100se\/","title":{"rendered":"ATOLL ELECTRONIQUE IN100 Signature"},"content":{"rendered":"<p>Integreret Forst\u00e6rker\/Forforst\u00e6rker 2x100Wrms\/8\u03a9<\/p>\n<p>4mm aluminium brushed front panel med indgraveret logo, 1,5mm st\u00e5lkabinet, aluminiums volume-hjul og kontakter.<br \/>\nAudio stages with discrete components, MKP technology link capacitors, high performances heatsinks<\/p>\n<p>PCB with double layer nickel\/gold, thermal protection<br \/>\nDouble Toroidal Transformer of 340 VA total 680 VA<br \/>\nALPS motorised potentiometer<br \/>\nDirect acces of inputs from the front panel or the remote control<\/p>\n<p>En fantastisk integreret forst\u00e6rker som med dens store str\u00f8mforsyning kan drive langt de fleste h\u00f8jttalere. En god allround forst\u00e6rker som spiller alle genre. Flot opl\u00f8st uden at mangle &#8220;fylde&#8221; i lyden.<\/p>\n","protected":false},"excerpt":{"rendered":"<p>This device can be equipped with 2 different options:<\/p>\n<p><strong>1 Phono Board on AUX [&hellip;]<\/p>\n","protected":false},"featured_media":2742,"template":"","meta":{"_acf_changed":false},"product_brand":[],"product_cat":[159],"product_tag":[48,171,50,51],"class_list":{"0":"post-287","1":"product","2":"type-product","3":"status-publish","4":"has-post-thumbnail","6":"product_cat-integrerede-forstaerkere","7":"product_tag-amp","8":"product_tag-atoll","9":"product_tag-integreret","10":"product_tag-integreret-forstaerker","12":"first","13":"instock","14":"taxable","15":"shipping-taxable","16":"purchasable","17":"product-type-variable","18":"has-default-attributes"},"acf":[],"_links":{"self":[{"href":"https:\/\/lydogkabel.dk\/index.php\/wp-json\/wp\/v2\/product\/287","targetHints":{"allow":["GET"]}}],"collection":[{"href":"https:\/\/lydogkabel.dk\/index.php\/wp-json\/wp\/v2\/product"}],"about":[{"href":"https:\/\/lydogkabel.dk\/index.php\/wp-json\/wp\/v2\/types\/product"}],"wp:featuredmedia":[{"embeddable":true,"href":"https:\/\/lydogkabel.dk\/index.php\/wp-json\/wp\/v2\/media\/2742"}],"wp:attachment":[{"href":"https:\/\/lydogkabel.dk\/index.php\/wp-json\/wp\/v2\/media?parent=287"}],"wp:term":[{"taxonomy":"product_brand","embeddable":true,"href":"https:\/\/lydogkabel.dk\/index.php\/wp-json\/wp\/v2\/product_brand?post=287"},{"taxonomy":"product_cat","embeddable":true,"href":"https:\/\/lydogkabel.dk\/index.php\/wp-json\/wp\/v2\/product_cat?post=287"},{"taxonomy":"product_tag","embeddable":true,"href":"https:\/\/lydogkabel.dk\/index.php\/wp-json\/wp\/v2\/product_tag?post=287"}],"curies":[{"name":"wp","href":"https:\/\/api.w.org\/{rel}","templated":true}]}}