{"id":2788,"date":"2022-02-24T15:21:06","date_gmt":"2022-02-24T14:21:06","guid":{"rendered":"http:\/\/lydogkabel.dk\/?post_type=product&#038;p=2788"},"modified":"2024-10-20T12:42:21","modified_gmt":"2024-10-20T10:42:21","slug":"dynavox-naaletryksvaegt","status":"publish","type":"product","link":"https:\/\/lydogkabel.dk\/index.php\/vare\/dynavox-naaletryksvaegt\/","title":{"rendered":"Dynavox n\u00e5letryksv\u00e6gt"},"content":{"rendered":"","protected":false},"excerpt":{"rendered":"<ul>\n<li>Elektronisk tonearmsv\u00e6gt \/ pickup-v\u00e6gt \/\u00a0n\u00e5letryksv\u00e6gt<\/li>\n<li>Sort plastikhus<\/li>\n<li>Kontrol\u00e9r pr\u00e6cist n\u00e5letrykket p\u00e5 din [&hellip;]<br \/>\n","protected":false},"featured_media":2789,"template":"","meta":{"_acf_changed":false},"product_brand":[],"product_cat":[129],"product_tag":[1304,228,1458,134],"class_list":{"0":"post-2788","1":"product","2":"type-product","3":"status-publish","4":"has-post-thumbnail","6":"product_cat-pladespiller-tilbehoer","7":"product_tag-dynavox","8":"product_tag-lp","9":"product_tag-naaletryksvaegt","10":"product_tag-pladespiller","12":"first","13":"instock","14":"taxable","15":"shipping-taxable","16":"purchasable","17":"product-type-simple"},"acf":[],"_links":{"self":[{"href":"https:\/\/lydogkabel.dk\/index.php\/wp-json\/wp\/v2\/product\/2788","targetHints":{"allow":["GET"]}}],"collection":[{"href":"https:\/\/lydogkabel.dk\/index.php\/wp-json\/wp\/v2\/product"}],"about":[{"href":"https:\/\/lydogkabel.dk\/index.php\/wp-json\/wp\/v2\/types\/product"}],"wp:featuredmedia":[{"embeddable":true,"href":"https:\/\/lydogkabel.dk\/index.php\/wp-json\/wp\/v2\/media\/2789"}],"wp:attachment":[{"href":"https:\/\/lydogkabel.dk\/index.php\/wp-json\/wp\/v2\/media?parent=2788"}],"wp:term":[{"taxonomy":"product_brand","embeddable":true,"href":"https:\/\/lydogkabel.dk\/index.php\/wp-json\/wp\/v2\/product_brand?post=2788"},{"taxonomy":"product_cat","embeddable":true,"href":"https:\/\/lydogkabel.dk\/index.php\/wp-json\/wp\/v2\/product_cat?post=2788"},{"taxonomy":"product_tag","embeddable":true,"href":"https:\/\/lydogkabel.dk\/index.php\/wp-json\/wp\/v2\/product_tag?post=2788"}],"curies":[{"name":"wp","href":"https:\/\/api.w.org\/{rel}","templated":true}]}}