{"id":2778,"date":"2022-01-26T11:50:06","date_gmt":"2022-01-26T10:50:06","guid":{"rendered":"http:\/\/lydogkabel.dk\/?post_type=product&#038;p=2778"},"modified":"2024-05-22T19:58:12","modified_gmt":"2024-05-22T17:58:12","slug":"dynavox-hfc-50-elektronisk-pickuprenser","status":"publish","type":"product","link":"https:\/\/lydogkabel.dk\/index.php\/vare\/dynavox-hfc-50-elektronisk-pickuprenser\/","title":{"rendered":"DYNAVOX HFC-50 -Elektronisk pickuprenser"},"content":{"rendered":"","protected":false},"excerpt":{"rendered":"<h2><strong>Elektronisk n\u00e5lerenser<\/strong><\/h2>\n<ul>\n<li>Den elektroniske n\u00e5lerenser HFC-50 fra Dynavox muligg\u00f8r en grundig og sk\u00e5nsom [&hellip;]<br \/>\n","protected":false},"featured_media":2779,"template":"","meta":{"_acf_changed":false},"product_brand":[],"product_cat":[1054,129,201],"product_tag":[228,1453,133,134,1454],"class_list":{"0":"post-2778","1":"product","2":"type-product","3":"status-publish","4":"has-post-thumbnail","6":"product_cat-pickup","7":"product_cat-pladespiller-tilbehoer","8":"product_cat-pladespillere","9":"product_tag-lp","10":"product_tag-naalerenser","11":"product_tag-pickup","12":"product_tag-pladespiller","13":"product_tag-regoering","15":"first","16":"outofstock","17":"sale","18":"taxable","19":"shipping-taxable","20":"purchasable","21":"product-type-simple"},"acf":[],"_links":{"self":[{"href":"https:\/\/lydogkabel.dk\/index.php\/wp-json\/wp\/v2\/product\/2778","targetHints":{"allow":["GET"]}}],"collection":[{"href":"https:\/\/lydogkabel.dk\/index.php\/wp-json\/wp\/v2\/product"}],"about":[{"href":"https:\/\/lydogkabel.dk\/index.php\/wp-json\/wp\/v2\/types\/product"}],"wp:featuredmedia":[{"embeddable":true,"href":"https:\/\/lydogkabel.dk\/index.php\/wp-json\/wp\/v2\/media\/2779"}],"wp:attachment":[{"href":"https:\/\/lydogkabel.dk\/index.php\/wp-json\/wp\/v2\/media?parent=2778"}],"wp:term":[{"taxonomy":"product_brand","embeddable":true,"href":"https:\/\/lydogkabel.dk\/index.php\/wp-json\/wp\/v2\/product_brand?post=2778"},{"taxonomy":"product_cat","embeddable":true,"href":"https:\/\/lydogkabel.dk\/index.php\/wp-json\/wp\/v2\/product_cat?post=2778"},{"taxonomy":"product_tag","embeddable":true,"href":"https:\/\/lydogkabel.dk\/index.php\/wp-json\/wp\/v2\/product_tag?post=2778"}],"curies":[{"name":"wp","href":"https:\/\/api.w.org\/{rel}","templated":true}]}}