{"id":2653,"date":"2021-10-22T16:46:13","date_gmt":"2021-10-22T14:46:13","guid":{"rendered":"http:\/\/lydogkabel.dk\/?post_type=product&#038;p=2653"},"modified":"2023-08-08T13:20:50","modified_gmt":"2023-08-08T11:20:50","slug":"atoll-pr200-signature","status":"publish","type":"product","link":"https:\/\/lydogkabel.dk\/index.php\/vare\/atoll-pr200-signature\/","title":{"rendered":"ATOLL PR200 Signature"},"content":{"rendered":"<p>L\u00e6kker forforst\u00e6rker fra Franske Atoll -Har v\u00e6ret med p\u00e5 messe.Der kan installeres DAC og Riaa-modul efter \u00f8nske.<\/p>\n<p>Stereo Preamplifier<\/p>\n<p>4mm aluminium brushed front panel with graved logo and \u201cWave\u201d, 1,5mm steel chassis, aluminium knob and keys<br \/>\nAudio stages with discrete components, MKP technology link capacitors<\/p>\n<p>PCB with double layer nickel\/gold, thermal protection<br \/>\nToroidal Transformer of 340 VA<br \/>\nALPS motorised potentiometer<br \/>\nDirect acces of inputs from the front panel or the remote control<\/p>\n<p>Connectings:<\/p>\n<p>\u2013 5 audio Inputs (RCA) :<\/p>\n<p>AUX ( or optional phono stage P50 or P100)<br \/>\nCD<br \/>\nTUNER<br \/>\nTAPE (IN+OUT with monitoring loop)<br \/>\nDVD<br \/>\n\u2013 1 By-pass Input (using as power amplifier)<br \/>\n\u2013 2 Pre-out Outputs (for bi-amp or to link to a subwoofer)<br \/>\n\u2013 1 Headphones jack 6,35mm<br \/>\n\u2013 1 trigger Output 12V<\/p>\n","protected":false},"excerpt":{"rendered":"<p>POSSIBLE OPTIONS:<\/p>\n<p>This device can be equipped with 2 different options:<\/p>\n<p>1 Phono Board on [&hellip;]<\/p>\n","protected":false},"featured_media":2654,"template":"","meta":{"_acf_changed":false},"product_brand":[],"product_cat":[174,46],"product_tag":[171,175,1388,1389],"class_list":{"0":"post-2653","1":"product","2":"type-product","3":"status-publish","4":"has-post-thumbnail","6":"product_cat-forforstaerkere","7":"product_cat-brugt-og-demo-salg","8":"product_tag-atoll","9":"product_tag-forforstaerker","10":"product_tag-pr200-signature","11":"product_tag-signature","13":"first","14":"instock","15":"sale","16":"taxable","17":"shipping-taxable","18":"purchasable","19":"product-type-simple"},"acf":[],"_links":{"self":[{"href":"https:\/\/lydogkabel.dk\/index.php\/wp-json\/wp\/v2\/product\/2653","targetHints":{"allow":["GET"]}}],"collection":[{"href":"https:\/\/lydogkabel.dk\/index.php\/wp-json\/wp\/v2\/product"}],"about":[{"href":"https:\/\/lydogkabel.dk\/index.php\/wp-json\/wp\/v2\/types\/product"}],"wp:featuredmedia":[{"embeddable":true,"href":"https:\/\/lydogkabel.dk\/index.php\/wp-json\/wp\/v2\/media\/2654"}],"wp:attachment":[{"href":"https:\/\/lydogkabel.dk\/index.php\/wp-json\/wp\/v2\/media?parent=2653"}],"wp:term":[{"taxonomy":"product_brand","embeddable":true,"href":"https:\/\/lydogkabel.dk\/index.php\/wp-json\/wp\/v2\/product_brand?post=2653"},{"taxonomy":"product_cat","embeddable":true,"href":"https:\/\/lydogkabel.dk\/index.php\/wp-json\/wp\/v2\/product_cat?post=2653"},{"taxonomy":"product_tag","embeddable":true,"href":"https:\/\/lydogkabel.dk\/index.php\/wp-json\/wp\/v2\/product_tag?post=2653"}],"curies":[{"name":"wp","href":"https:\/\/api.w.org\/{rel}","templated":true}]}}