{"id":25,"date":"2019-09-19T11:51:17","date_gmt":"2019-09-19T09:51:17","guid":{"rendered":"http:\/\/lydogkabel.dk\/index.php\/vare\/import-placeholder-for-853\/"},"modified":"2019-09-19T11:51:35","modified_gmt":"2019-09-19T09:51:35","slug":"supra-cables-rondo-4x4-0-grey","status":"publish","type":"product","link":"https:\/\/lydogkabel.dk\/index.php\/vare\/supra-cables-rondo-4x4-0-grey\/","title":{"rendered":"Supra Cables Rondo 4&#215;4.0 Grey"},"content":{"rendered":"<p>SUPRA Rondo er en serie af alsidige, meget fleksible runde h\u00f8jttalerkabler. Det er et meget alsidigt kabel, hvilket g\u00f8r det velegnet til en bred vifte af forskellige setups.<\/p>\n<p>Kablets konstruktion g\u00f8r det meget modstandsdygtigt over for h\u00e5ndteringstr\u00e6thed, hvilket g\u00f8r det ideelt for brugeren som ofte roder med sit udstyr.<\/p>\n","protected":false},"excerpt":{"rendered":"<p>Mechanical Specifications<\/p>\n<p>Cross. Area: 4 \/ 11 (mm2\/AWG)<br \/>\nNo. Conductors: 4<br \/>\nNo. Wires\/Conductor: 511<br \/>\nWire Diameter: 0.10 [&hellip;]<\/p>\n","protected":false},"featured_media":55,"template":"","meta":{"_acf_changed":false},"product_brand":[],"product_cat":[38],"product_tag":[55,40,41,19,20,56,53,54],"class_list":{"0":"post-25","1":"product","2":"type-product","3":"status-publish","4":"has-post-thumbnail","6":"product_cat-hoejttalerkabler","7":"product_tag-cables","8":"product_tag-hoejttalerkabel","9":"product_tag-hoejttalerkabler","10":"product_tag-kabel","11":"product_tag-kabler","12":"product_tag-rondo","13":"product_tag-supra","14":"product_tag-supra-cables","16":"first","17":"instock","18":"taxable","19":"shipping-taxable","20":"purchasable","21":"product-type-simple"},"acf":[],"_links":{"self":[{"href":"https:\/\/lydogkabel.dk\/index.php\/wp-json\/wp\/v2\/product\/25","targetHints":{"allow":["GET"]}}],"collection":[{"href":"https:\/\/lydogkabel.dk\/index.php\/wp-json\/wp\/v2\/product"}],"about":[{"href":"https:\/\/lydogkabel.dk\/index.php\/wp-json\/wp\/v2\/types\/product"}],"wp:featuredmedia":[{"embeddable":true,"href":"https:\/\/lydogkabel.dk\/index.php\/wp-json\/wp\/v2\/media\/55"}],"wp:attachment":[{"href":"https:\/\/lydogkabel.dk\/index.php\/wp-json\/wp\/v2\/media?parent=25"}],"wp:term":[{"taxonomy":"product_brand","embeddable":true,"href":"https:\/\/lydogkabel.dk\/index.php\/wp-json\/wp\/v2\/product_brand?post=25"},{"taxonomy":"product_cat","embeddable":true,"href":"https:\/\/lydogkabel.dk\/index.php\/wp-json\/wp\/v2\/product_cat?post=25"},{"taxonomy":"product_tag","embeddable":true,"href":"https:\/\/lydogkabel.dk\/index.php\/wp-json\/wp\/v2\/product_tag?post=25"}],"curies":[{"name":"wp","href":"https:\/\/api.w.org\/{rel}","templated":true}]}}