{"id":2414,"date":"2020-11-26T17:12:48","date_gmt":"2020-11-26T16:12:48","guid":{"rendered":"http:\/\/lydogkabel.dk\/?post_type=product&#038;p=2414"},"modified":"2025-03-05T13:33:34","modified_gmt":"2025-03-05T12:33:34","slug":"dynavox-pladevaegt","status":"publish","type":"product","link":"https:\/\/lydogkabel.dk\/index.php\/vare\/dynavox-pladevaegt\/","title":{"rendered":"Dynavox Pladev\u00e6gt"},"content":{"rendered":"","protected":false},"excerpt":{"rendered":"<p>Er dette den l\u00e6kreste pladev\u00e6gt til pengene? vurder selv&#8230;<\/p>\n<p>Dynavox PST300 er en 300 [&hellip;]<\/p>\n","protected":false},"featured_media":2418,"template":"","meta":{"_acf_changed":false},"product_brand":[],"product_cat":[129],"product_tag":[1294,228,1293],"class_list":{"0":"post-2414","1":"product","2":"type-product","3":"status-publish","4":"has-post-thumbnail","6":"product_cat-pladespiller-tilbehoer","7":"product_tag-clamp","8":"product_tag-lp","9":"product_tag-pladevaegt","11":"first","12":"instock","13":"taxable","14":"shipping-taxable","15":"purchasable","16":"product-type-variable","17":"has-default-attributes"},"acf":[],"_links":{"self":[{"href":"https:\/\/lydogkabel.dk\/index.php\/wp-json\/wp\/v2\/product\/2414","targetHints":{"allow":["GET"]}}],"collection":[{"href":"https:\/\/lydogkabel.dk\/index.php\/wp-json\/wp\/v2\/product"}],"about":[{"href":"https:\/\/lydogkabel.dk\/index.php\/wp-json\/wp\/v2\/types\/product"}],"wp:featuredmedia":[{"embeddable":true,"href":"https:\/\/lydogkabel.dk\/index.php\/wp-json\/wp\/v2\/media\/2418"}],"wp:attachment":[{"href":"https:\/\/lydogkabel.dk\/index.php\/wp-json\/wp\/v2\/media?parent=2414"}],"wp:term":[{"taxonomy":"product_brand","embeddable":true,"href":"https:\/\/lydogkabel.dk\/index.php\/wp-json\/wp\/v2\/product_brand?post=2414"},{"taxonomy":"product_cat","embeddable":true,"href":"https:\/\/lydogkabel.dk\/index.php\/wp-json\/wp\/v2\/product_cat?post=2414"},{"taxonomy":"product_tag","embeddable":true,"href":"https:\/\/lydogkabel.dk\/index.php\/wp-json\/wp\/v2\/product_tag?post=2414"}],"curies":[{"name":"wp","href":"https:\/\/api.w.org\/{rel}","templated":true}]}}