{"id":202,"date":"2019-09-19T11:54:01","date_gmt":"2019-09-19T09:54:01","guid":{"rendered":"http:\/\/lydogkabel.dk\/index.php\/vare\/import-placeholder-for-1195\/"},"modified":"2023-10-31T08:28:35","modified_gmt":"2023-10-31T07:28:35","slug":"ortofon-quintet-black","status":"publish","type":"product","link":"https:\/\/lydogkabel.dk\/index.php\/vare\/ortofon-quintet-black\/","title":{"rendered":"Ortofon QUINTET BLACK S"},"content":{"rendered":"<p>Ortofon QUINTET BLACK er monteret med en n\u00f8gen Shibata diamant, Som generelt opfattes som v\u00e6rende en af de bedste profiler p\u00e5 markedet.<\/p>\n<p>Shibata diamanten er monteret p\u00e5 en n\u00e5lefane af Boron. En tynd h\u00f8jprofil giver en bred kontaktflade i rillen og leverer en detaljeret og ren gengivelse.<\/p>\n<p>QUINTET BLACK er den bedste pickup i Ortofons QUINTET serie og er seriens bedste eksempel p\u00e5, hvor gode allround-evner Quintet serien har.<\/p>\n","protected":false},"excerpt":{"rendered":"<p>Ortofon QUINTET BLACK er monteret med en n\u00f8gen Shibata diamant, Som generelt opfattes [&hellip;]<\/p>\n","protected":false},"featured_media":267,"template":"","meta":{"_acf_changed":false},"product_brand":[],"product_cat":[1054,129],"product_tag":[143,132,134,139,144],"class_list":{"0":"post-202","1":"product","2":"type-product","3":"status-publish","4":"has-post-thumbnail","6":"product_cat-pickup","7":"product_cat-pladespiller-tilbehoer","8":"product_tag-black","9":"product_tag-ortofon","10":"product_tag-pladespiller","11":"product_tag-quintet","12":"product_tag-tilbehoer","14":"first","15":"instock","16":"taxable","17":"shipping-taxable","18":"purchasable","19":"product-type-simple"},"acf":[],"_links":{"self":[{"href":"https:\/\/lydogkabel.dk\/index.php\/wp-json\/wp\/v2\/product\/202","targetHints":{"allow":["GET"]}}],"collection":[{"href":"https:\/\/lydogkabel.dk\/index.php\/wp-json\/wp\/v2\/product"}],"about":[{"href":"https:\/\/lydogkabel.dk\/index.php\/wp-json\/wp\/v2\/types\/product"}],"wp:featuredmedia":[{"embeddable":true,"href":"https:\/\/lydogkabel.dk\/index.php\/wp-json\/wp\/v2\/media\/267"}],"wp:attachment":[{"href":"https:\/\/lydogkabel.dk\/index.php\/wp-json\/wp\/v2\/media?parent=202"}],"wp:term":[{"taxonomy":"product_brand","embeddable":true,"href":"https:\/\/lydogkabel.dk\/index.php\/wp-json\/wp\/v2\/product_brand?post=202"},{"taxonomy":"product_cat","embeddable":true,"href":"https:\/\/lydogkabel.dk\/index.php\/wp-json\/wp\/v2\/product_cat?post=202"},{"taxonomy":"product_tag","embeddable":true,"href":"https:\/\/lydogkabel.dk\/index.php\/wp-json\/wp\/v2\/product_tag?post=202"}],"curies":[{"name":"wp","href":"https:\/\/api.w.org\/{rel}","templated":true}]}}