{"id":20,"date":"2019-09-19T11:51:16","date_gmt":"2019-09-19T09:51:16","guid":{"rendered":"http:\/\/lydogkabel.dk\/index.php\/vare\/import-placeholder-for-820\/"},"modified":"2020-08-06T16:28:14","modified_gmt":"2020-08-06T14:28:14","slug":"xindak-fs-5","status":"publish","type":"product","link":"https:\/\/lydogkabel.dk\/index.php\/vare\/xindak-fs-5\/","title":{"rendered":"Xindak FS-5"},"content":{"rendered":"<p>Fs-05 fra Xindac, er et h\u00f8jttalerkabel med patenteret struktur, kaldet &#8220;Frekvens-Amplitude Balanced Audio Cable&#8221;.<\/p>\n<p>Denne konstruktions teknologi tager udgangspunkt i en ren OFC kobber kerne, som er arrangeret i en kobberfolie; lakerede og snoede tr\u00e5de, er placeret uden for hylsteret, som huser de faste kobberledere.<\/p>\n<p>Teknikken reducerer forvr\u00e6ngningen og der kan sikres en signaloverf\u00f8relse i maksimal kvalitet. <\/p>\n<p>Monteret med bananer <\/p>\n<p>FS-5 fremst\u00e5r som v\u00e6rende et neutralt kabel med h\u00f8j opl\u00f8sning. En anelse til den analytiske side. <\/p>\n","protected":false},"excerpt":{"rendered":"<p>Fs-05 fra Xindac, er et h\u00f8jttalerkabel med patenteret struktur, kaldet &#8220;Frekvens-Amplitude Balanced Audio [&hellip;]<\/p>\n","protected":false},"featured_media":50,"template":"","meta":{"_acf_changed":false},"product_brand":[],"product_cat":[38],"product_tag":[39,40,41,19,20,26],"class_list":{"0":"post-20","1":"product","2":"type-product","3":"status-publish","4":"has-post-thumbnail","6":"product_cat-hoejttalerkabler","7":"product_tag-fs-5","8":"product_tag-hoejttalerkabel","9":"product_tag-hoejttalerkabler","10":"product_tag-kabel","11":"product_tag-kabler","12":"product_tag-xindak","14":"first","15":"instock","16":"taxable","17":"shipping-taxable","18":"purchasable","19":"product-type-variable"},"acf":[],"_links":{"self":[{"href":"https:\/\/lydogkabel.dk\/index.php\/wp-json\/wp\/v2\/product\/20","targetHints":{"allow":["GET"]}}],"collection":[{"href":"https:\/\/lydogkabel.dk\/index.php\/wp-json\/wp\/v2\/product"}],"about":[{"href":"https:\/\/lydogkabel.dk\/index.php\/wp-json\/wp\/v2\/types\/product"}],"wp:featuredmedia":[{"embeddable":true,"href":"https:\/\/lydogkabel.dk\/index.php\/wp-json\/wp\/v2\/media\/50"}],"wp:attachment":[{"href":"https:\/\/lydogkabel.dk\/index.php\/wp-json\/wp\/v2\/media?parent=20"}],"wp:term":[{"taxonomy":"product_brand","embeddable":true,"href":"https:\/\/lydogkabel.dk\/index.php\/wp-json\/wp\/v2\/product_brand?post=20"},{"taxonomy":"product_cat","embeddable":true,"href":"https:\/\/lydogkabel.dk\/index.php\/wp-json\/wp\/v2\/product_cat?post=20"},{"taxonomy":"product_tag","embeddable":true,"href":"https:\/\/lydogkabel.dk\/index.php\/wp-json\/wp\/v2\/product_tag?post=20"}],"curies":[{"name":"wp","href":"https:\/\/api.w.org\/{rel}","templated":true}]}}