{"id":1943,"date":"2020-03-28T22:33:22","date_gmt":"2020-03-28T21:33:22","guid":{"rendered":"http:\/\/lydogkabel.dk\/?post_type=product&#038;p=1943"},"modified":"2024-04-02T13:34:33","modified_gmt":"2024-04-02T11:34:33","slug":"dynavox-floejlsboerste-inkl-nylon-pickup-boerste","status":"publish","type":"product","link":"https:\/\/lydogkabel.dk\/index.php\/vare\/dynavox-floejlsboerste-inkl-nylon-pickup-boerste\/","title":{"rendered":"Dynavox Fl\u00f8jlsb\u00f8rste inkl. nylon pickup-b\u00f8rste"},"content":{"rendered":"","protected":false},"excerpt":{"rendered":"<p> [&hellip;]<\/p>\n","protected":false},"featured_media":1945,"template":"","meta":{"_acf_changed":false},"product_brand":[],"product_cat":[129],"product_tag":[1067,134,144],"class_list":{"0":"post-1943","1":"product","2":"type-product","3":"status-publish","4":"has-post-thumbnail","6":"product_cat-pladespiller-tilbehoer","7":"product_tag-pladeboerste","8":"product_tag-pladespiller","9":"product_tag-tilbehoer","11":"first","12":"instock","13":"taxable","14":"shipping-taxable","15":"purchasable","16":"product-type-simple"},"acf":[],"_links":{"self":[{"href":"https:\/\/lydogkabel.dk\/index.php\/wp-json\/wp\/v2\/product\/1943","targetHints":{"allow":["GET"]}}],"collection":[{"href":"https:\/\/lydogkabel.dk\/index.php\/wp-json\/wp\/v2\/product"}],"about":[{"href":"https:\/\/lydogkabel.dk\/index.php\/wp-json\/wp\/v2\/types\/product"}],"wp:featuredmedia":[{"embeddable":true,"href":"https:\/\/lydogkabel.dk\/index.php\/wp-json\/wp\/v2\/media\/1945"}],"wp:attachment":[{"href":"https:\/\/lydogkabel.dk\/index.php\/wp-json\/wp\/v2\/media?parent=1943"}],"wp:term":[{"taxonomy":"product_brand","embeddable":true,"href":"https:\/\/lydogkabel.dk\/index.php\/wp-json\/wp\/v2\/product_brand?post=1943"},{"taxonomy":"product_cat","embeddable":true,"href":"https:\/\/lydogkabel.dk\/index.php\/wp-json\/wp\/v2\/product_cat?post=1943"},{"taxonomy":"product_tag","embeddable":true,"href":"https:\/\/lydogkabel.dk\/index.php\/wp-json\/wp\/v2\/product_tag?post=1943"}],"curies":[{"name":"wp","href":"https:\/\/api.w.org\/{rel}","templated":true}]}}