{"id":1934,"date":"2020-03-28T21:18:48","date_gmt":"2020-03-28T20:18:48","guid":{"rendered":"http:\/\/lydogkabel.dk\/?post_type=product&#038;p=1934"},"modified":"2025-04-04T11:34:18","modified_gmt":"2025-04-04T09:34:18","slug":"audio-technica-vm520eb","status":"publish","type":"product","link":"https:\/\/lydogkabel.dk\/index.php\/vare\/audio-technica-vm520eb\/","title":{"rendered":"Audio-Technica VM520EB"},"content":{"rendered":"<table class=\"table table-striped\" width=\"100%\">\n<tbody>\n<tr>\n<td width=\"35%\"><strong>Mounting<\/strong><\/td>\n<td width=\"65%\">1\/2\u201d centres<\/td>\n<\/tr>\n<tr>\n<td width=\"35%\"><strong>Frequency Response<\/strong><\/td>\n<td width=\"65%\">20 &#8211; 23,000Hz<\/td>\n<\/tr>\n<tr>\n<td width=\"35%\"><strong>Channel Separation<\/strong><\/td>\n<td width=\"65%\">27dB (1kHz)<\/td>\n<\/tr>\n<tr>\n<td width=\"35%\"><strong>Output Channel Balance<\/strong><\/td>\n<td width=\"65%\">1.5dB (1kHz)<\/td>\n<\/tr>\n<tr>\n<td width=\"35%\"><strong>Output Voltage<\/strong><\/td>\n<td width=\"65%\">4.0mV (1kHz, 5cm\/sec.)<\/td>\n<\/tr>\n<tr>\n<td width=\"35%\"><strong>Vertical Tracking Angle<\/strong><\/td>\n<td width=\"65%\">23\u02da<\/td>\n<\/tr>\n<tr>\n<td width=\"35%\"><strong>Vertical Tracking Force Range<\/strong><\/td>\n<td width=\"65%\">1.8 \u2013 2.2g (2.0g standard)<\/td>\n<\/tr>\n<tr>\n<td width=\"35%\"><strong>Stylus Shape<\/strong><\/td>\n<td width=\"65%\">Elliptical Bonded<\/td>\n<\/tr>\n<tr>\n<td width=\"35%\"><strong>Stylus Size<\/strong><\/td>\n<td width=\"65%\">0.3 x 0.7 mil<\/td>\n<\/tr>\n<tr>\n<td width=\"35%\"><strong>Stylus Construction<\/strong><\/td>\n<td width=\"65%\">Bonded Round Shank<\/td>\n<\/tr>\n<tr>\n<td width=\"35%\"><strong>Cantilever<\/strong><\/td>\n<td width=\"65%\">Aluminium Pipe<\/td>\n<\/tr>\n<tr>\n<td width=\"35%\"><strong>Coil Impedance<\/strong><\/td>\n<td width=\"65%\">2,700\u03a9 (1kHz)<\/td>\n<\/tr>\n<tr>\n<td width=\"35%\"><strong>Static Compliance<\/strong><\/td>\n<td width=\"65%\">35 x 10-6 cm\/dyne<\/td>\n<\/tr>\n<tr>\n<td width=\"35%\"><strong>Dynamic Compliance<\/strong><\/td>\n<td width=\"65%\">8 x 10-6 cm\/dyne (100Hz)<\/td>\n<\/tr>\n<tr>\n<td width=\"35%\"><strong>Recommended Load Impedance<\/strong><\/td>\n<td width=\"65%\">47,000\u03a9<\/td>\n<\/tr>\n<tr>\n<td width=\"35%\"><strong>Recommended Load Capacitance<\/strong><\/td>\n<td width=\"65%\">100 \u2013 200pF<\/td>\n<\/tr>\n<tr>\n<td width=\"35%\"><strong>Weight<\/strong><\/td>\n<td width=\"65%\">6.4g<\/td>\n<\/tr>\n<tr>\n<td width=\"35%\"><strong>Dimensions<\/strong><\/td>\n<td width=\"65%\">17.3 (H) x 17.0 (W) x 28.2 (L) mm<\/td>\n<\/tr>\n<tr>\n<td width=\"35%\"><strong>Replacement Stylus<\/strong><\/td>\n<td width=\"65%\">VMN20EB<\/td>\n<\/tr>\n<tr>\n<td width=\"35%\"><strong>Accessories Included<\/strong><\/td>\n<td width=\"65%\">Cartridge installation screws 5mm \u00d72 and 10mm \u00d72, Washer \u00d72, Hexagon nut \u00d72<\/td>\n<\/tr>\n<\/tbody>\n<\/table>\n","protected":false},"excerpt":{"rendered":"<p class=\"headertext\">H\u00f8jtydende MM pick-up med Audio-Technica\u00b4s patenteret dual magnet design og en eliptisk [&hellip;]<\/p>\n","protected":false},"featured_media":1935,"template":"","meta":{"_acf_changed":false},"product_brand":[],"product_cat":[1054,129],"product_tag":[1061,133,134,144,1063],"class_list":{"0":"post-1934","1":"product","2":"type-product","3":"status-publish","4":"has-post-thumbnail","6":"product_cat-pickup","7":"product_cat-pladespiller-tilbehoer","8":"product_tag-audio-technica","9":"product_tag-pickup","10":"product_tag-pladespiller","11":"product_tag-tilbehoer","12":"product_tag-vm520eb","14":"first","15":"outofstock","16":"taxable","17":"shipping-taxable","18":"purchasable","19":"product-type-simple"},"acf":[],"_links":{"self":[{"href":"https:\/\/lydogkabel.dk\/index.php\/wp-json\/wp\/v2\/product\/1934","targetHints":{"allow":["GET"]}}],"collection":[{"href":"https:\/\/lydogkabel.dk\/index.php\/wp-json\/wp\/v2\/product"}],"about":[{"href":"https:\/\/lydogkabel.dk\/index.php\/wp-json\/wp\/v2\/types\/product"}],"wp:featuredmedia":[{"embeddable":true,"href":"https:\/\/lydogkabel.dk\/index.php\/wp-json\/wp\/v2\/media\/1935"}],"wp:attachment":[{"href":"https:\/\/lydogkabel.dk\/index.php\/wp-json\/wp\/v2\/media?parent=1934"}],"wp:term":[{"taxonomy":"product_brand","embeddable":true,"href":"https:\/\/lydogkabel.dk\/index.php\/wp-json\/wp\/v2\/product_brand?post=1934"},{"taxonomy":"product_cat","embeddable":true,"href":"https:\/\/lydogkabel.dk\/index.php\/wp-json\/wp\/v2\/product_cat?post=1934"},{"taxonomy":"product_tag","embeddable":true,"href":"https:\/\/lydogkabel.dk\/index.php\/wp-json\/wp\/v2\/product_tag?post=1934"}],"curies":[{"name":"wp","href":"https:\/\/api.w.org\/{rel}","templated":true}]}}