{"id":190,"date":"2019-09-19T11:53:33","date_gmt":"2019-09-19T09:53:33","guid":{"rendered":"http:\/\/lydogkabel.dk\/index.php\/vare\/import-placeholder-for-1194\/"},"modified":"2025-04-23T12:27:07","modified_gmt":"2025-04-23T10:27:07","slug":"ortofon-quintet-bronce","status":"publish","type":"product","link":"https:\/\/lydogkabel.dk\/index.php\/vare\/ortofon-quintet-bronce\/","title":{"rendered":"Ortofon QUINTET BRONCE"},"content":{"rendered":"<p>En tynd profil p\u00e5 den n\u00f8gne Fine Line diamant, vil gengive alle informationer fra pladen, ogs\u00e5 de h\u00f8jeste frekvenser. Her er minimal farvning af lyden. Et godt valg for den kr\u00e6sne lytter.<\/p>\n<p>Huset er lavet af et s\u00e6rligt ABS (Acrylonitrile\/Butadiene\/Styrene) termoplastisk materiale.<br \/>\nMaterialet er meget let, men samtidig stift og d\u00f8dt.<\/p>\n<p>Pickupen er kompatibel med langt de fleste forforst\u00e6rkere og transformatorer pga en lav intern impedans.<\/p>\n","protected":false},"excerpt":{"rendered":"<p>En tynd profil p\u00e5 den n\u00f8gne Fine Line diamant, vil gengive alle informationer [&hellip;]<\/p>\n","protected":false},"featured_media":266,"template":"","meta":{"_acf_changed":false},"product_brand":[],"product_cat":[1054,129],"product_tag":[142,132,133,134,139],"class_list":{"0":"post-190","1":"product","2":"type-product","3":"status-publish","4":"has-post-thumbnail","6":"product_cat-pickup","7":"product_cat-pladespiller-tilbehoer","8":"product_tag-bronce","9":"product_tag-ortofon","10":"product_tag-pickup","11":"product_tag-pladespiller","12":"product_tag-quintet","14":"first","15":"instock","16":"sale","17":"taxable","18":"shipping-taxable","19":"purchasable","20":"product-type-simple"},"acf":[],"_links":{"self":[{"href":"https:\/\/lydogkabel.dk\/index.php\/wp-json\/wp\/v2\/product\/190","targetHints":{"allow":["GET"]}}],"collection":[{"href":"https:\/\/lydogkabel.dk\/index.php\/wp-json\/wp\/v2\/product"}],"about":[{"href":"https:\/\/lydogkabel.dk\/index.php\/wp-json\/wp\/v2\/types\/product"}],"wp:featuredmedia":[{"embeddable":true,"href":"https:\/\/lydogkabel.dk\/index.php\/wp-json\/wp\/v2\/media\/266"}],"wp:attachment":[{"href":"https:\/\/lydogkabel.dk\/index.php\/wp-json\/wp\/v2\/media?parent=190"}],"wp:term":[{"taxonomy":"product_brand","embeddable":true,"href":"https:\/\/lydogkabel.dk\/index.php\/wp-json\/wp\/v2\/product_brand?post=190"},{"taxonomy":"product_cat","embeddable":true,"href":"https:\/\/lydogkabel.dk\/index.php\/wp-json\/wp\/v2\/product_cat?post=190"},{"taxonomy":"product_tag","embeddable":true,"href":"https:\/\/lydogkabel.dk\/index.php\/wp-json\/wp\/v2\/product_tag?post=190"}],"curies":[{"name":"wp","href":"https:\/\/api.w.org\/{rel}","templated":true}]}}