{"id":188,"date":"2019-09-19T11:53:33","date_gmt":"2019-09-19T09:53:33","guid":{"rendered":"http:\/\/lydogkabel.dk\/index.php\/vare\/import-placeholder-for-1188\/"},"modified":"2025-04-23T12:27:29","modified_gmt":"2025-04-23T10:27:29","slug":"ortofon-quintet-red","status":"publish","type":"product","link":"https:\/\/lydogkabel.dk\/index.php\/vare\/ortofon-quintet-red\/","title":{"rendered":"Ortofon QUINTET RED"},"content":{"rendered":"<p>Quintet Red er monteret med en diamant med elliptisk profil.<\/p>\n<p>Det er den billigste i Ortofons Quintet serie. Her f\u00e5r du en pickup som har h\u00f8j ydelse til pengene. Ydelsen ligger t\u00e6t op ad Ortofons dyrere pickupper, men til en helt anden pris.<\/p>\n<p>Quintet Red er en allround pickup som spiller \u00e5bent, dynamisk og med en smule varme.<\/p>\n<p>Huset er lavet af et s\u00e6rligt ABS (Acrylonitrile\/Butadiene\/Styrene) termoplastisk materiale.<br \/>\nMaterialet er meget let, men samtidig stift og d\u00f8dt.<\/p>\n<p>Pickupen er kompatibel med langt de fleste forforst\u00e6rkere og transformatorer pga en lav intern impedans.<\/p>\n","protected":false},"excerpt":{"rendered":"<p>Quintet Red er monteret med en diamant med elliptisk profil. Det er den [&hellip;]<\/p>\n","protected":false},"featured_media":264,"template":"","meta":{"_acf_changed":false},"product_brand":[],"product_cat":[1054,129],"product_tag":[132,133,134,139,140],"class_list":{"0":"post-188","1":"product","2":"type-product","3":"status-publish","4":"has-post-thumbnail","6":"product_cat-pickup","7":"product_cat-pladespiller-tilbehoer","8":"product_tag-ortofon","9":"product_tag-pickup","10":"product_tag-pladespiller","11":"product_tag-quintet","12":"product_tag-red","14":"first","15":"instock","16":"sale","17":"taxable","18":"shipping-taxable","19":"purchasable","20":"product-type-simple"},"acf":[],"_links":{"self":[{"href":"https:\/\/lydogkabel.dk\/index.php\/wp-json\/wp\/v2\/product\/188","targetHints":{"allow":["GET"]}}],"collection":[{"href":"https:\/\/lydogkabel.dk\/index.php\/wp-json\/wp\/v2\/product"}],"about":[{"href":"https:\/\/lydogkabel.dk\/index.php\/wp-json\/wp\/v2\/types\/product"}],"wp:featuredmedia":[{"embeddable":true,"href":"https:\/\/lydogkabel.dk\/index.php\/wp-json\/wp\/v2\/media\/264"}],"wp:attachment":[{"href":"https:\/\/lydogkabel.dk\/index.php\/wp-json\/wp\/v2\/media?parent=188"}],"wp:term":[{"taxonomy":"product_brand","embeddable":true,"href":"https:\/\/lydogkabel.dk\/index.php\/wp-json\/wp\/v2\/product_brand?post=188"},{"taxonomy":"product_cat","embeddable":true,"href":"https:\/\/lydogkabel.dk\/index.php\/wp-json\/wp\/v2\/product_cat?post=188"},{"taxonomy":"product_tag","embeddable":true,"href":"https:\/\/lydogkabel.dk\/index.php\/wp-json\/wp\/v2\/product_tag?post=188"}],"curies":[{"name":"wp","href":"https:\/\/api.w.org\/{rel}","templated":true}]}}