{"id":18,"date":"2019-09-19T11:51:16","date_gmt":"2019-09-19T09:51:16","guid":{"rendered":"http:\/\/lydogkabel.dk\/index.php\/vare\/import-placeholder-for-818\/"},"modified":"2022-10-11T23:54:37","modified_gmt":"2022-10-11T21:54:37","slug":"xindak-fd-gold-1-meter","status":"publish","type":"product","link":"https:\/\/lydogkabel.dk\/index.php\/vare\/xindak-fd-gold-1-meter\/","title":{"rendered":"Xindak FD-GOLD (1 meter)"},"content":{"rendered":"<p>FD-GOLD er Xindak\u00b4s bedste coaxialkabel. <\/p>\n<p>Det er bygget op med to ledende lag. Det yderste ledende lag er fremstillet af et flettet OFC net, som ikke blot giver en effektiv beskyttelse fra elektromagnetiske b\u00f8lger, der kommer udefra, men ogs\u00e5 giver en optimeret bane for passagen af de digitale signaler i de h\u00f8je frekvenser.<\/p>\n<p>Det inderste ledende lag, er konstrueret med en kombination af guld og s\u00f8lv med dimensionerne 0,1 x 3,3 mm. <\/p>\n<p>Originale h\u00f8j kvalitets WBT RCA-stik sikrer en meget p\u00e5lidelig signaloverf\u00f8rsel med minimal d\u00e6mpning.<\/p>\n<p>Et rigtigt topkabel<\/p>\n","protected":false},"excerpt":{"rendered":"<p>FD-GOLD er Xindak\u00b4s bedste coaxialkabel. Det er bygget op med to ledende lag. [&hellip;]<\/p>\n","protected":false},"featured_media":48,"template":"","meta":{"_acf_changed":false},"product_brand":[],"product_cat":[29],"product_tag":[30,31,32,33,35,36,19,20,26],"class_list":{"0":"post-18","1":"product","2":"type-product","3":"status-publish","4":"has-post-thumbnail","6":"product_cat-digitalkabler","7":"product_tag-coaxial","8":"product_tag-digital","9":"product_tag-digitalkabel","10":"product_tag-digitalkabler","11":"product_tag-fd-gold","12":"product_tag-gold","13":"product_tag-kabel","14":"product_tag-kabler","15":"product_tag-xindak","17":"first","18":"outofstock","19":"taxable","20":"shipping-taxable","21":"purchasable","22":"product-type-simple"},"acf":[],"_links":{"self":[{"href":"https:\/\/lydogkabel.dk\/index.php\/wp-json\/wp\/v2\/product\/18","targetHints":{"allow":["GET"]}}],"collection":[{"href":"https:\/\/lydogkabel.dk\/index.php\/wp-json\/wp\/v2\/product"}],"about":[{"href":"https:\/\/lydogkabel.dk\/index.php\/wp-json\/wp\/v2\/types\/product"}],"wp:featuredmedia":[{"embeddable":true,"href":"https:\/\/lydogkabel.dk\/index.php\/wp-json\/wp\/v2\/media\/48"}],"wp:attachment":[{"href":"https:\/\/lydogkabel.dk\/index.php\/wp-json\/wp\/v2\/media?parent=18"}],"wp:term":[{"taxonomy":"product_brand","embeddable":true,"href":"https:\/\/lydogkabel.dk\/index.php\/wp-json\/wp\/v2\/product_brand?post=18"},{"taxonomy":"product_cat","embeddable":true,"href":"https:\/\/lydogkabel.dk\/index.php\/wp-json\/wp\/v2\/product_cat?post=18"},{"taxonomy":"product_tag","embeddable":true,"href":"https:\/\/lydogkabel.dk\/index.php\/wp-json\/wp\/v2\/product_tag?post=18"}],"curies":[{"name":"wp","href":"https:\/\/api.w.org\/{rel}","templated":true}]}}