{"id":16,"date":"2019-09-19T11:51:16","date_gmt":"2019-09-19T09:51:16","guid":{"rendered":"http:\/\/lydogkabel.dk\/index.php\/vare\/import-placeholder-for-816\/"},"modified":"2019-09-19T11:51:24","modified_gmt":"2019-09-19T09:51:24","slug":"xindak-rca-fa-5-1-meter","status":"publish","type":"product","link":"https:\/\/lydogkabel.dk\/index.php\/vare\/xindak-rca-fa-5-1-meter\/","title":{"rendered":"Xindak RCA FA-5 (1 meter)"},"content":{"rendered":"<p>FA-05 er et signalkabel med patenteret struktur, kaldet &#8220;Frekvens-Amplitude Balanced Audio Cable&#8221;. Denne konstruktions teknologi tager udgangspunkt i en ren OFC kobber kerne, som er arrangeret i en kobberfolie; lakerede og snoede tr\u00e5de, er placeret uden for hylsteret, som huser de faste kobberledere.<\/p>\n<p>Teknikken reducerer forvr\u00e6ngningen og der kan sikres en signaloverf\u00f8relse i maksimal kvalitet. <\/p>\n<p>H\u00f8jkvalitets CMC 24k guldbelagte RCA stik med strammer. <\/p>\n<p>FA-5 fremst\u00e5r som v\u00e6rende et neutralt kabel med h\u00f8j opl\u00f8sning. En anelse til den analytiske side. <\/p>\n","protected":false},"excerpt":{"rendered":"<p>FA-05 er et signalkabel med patenteret struktur, kaldet &#8220;Frekvens-Amplitude Balanced Audio Cable&#8221;. Denne [&hellip;]<\/p>\n","protected":false},"featured_media":46,"template":"","meta":{"_acf_changed":false},"product_brand":[],"product_cat":[17],"product_tag":[28,19,20,21,22,23,24,25,26],"class_list":{"0":"post-16","1":"product","2":"type-product","3":"status-publish","4":"has-post-thumbnail","6":"product_cat-phono-kabel-rca","7":"product_tag-fa-5","8":"product_tag-kabel","9":"product_tag-kabler","10":"product_tag-phono","11":"product_tag-rca","12":"product_tag-signal","13":"product_tag-signalkabel","14":"product_tag-signalkabler","15":"product_tag-xindak","17":"first","18":"instock","19":"taxable","20":"shipping-taxable","21":"purchasable","22":"product-type-simple"},"acf":[],"_links":{"self":[{"href":"https:\/\/lydogkabel.dk\/index.php\/wp-json\/wp\/v2\/product\/16","targetHints":{"allow":["GET"]}}],"collection":[{"href":"https:\/\/lydogkabel.dk\/index.php\/wp-json\/wp\/v2\/product"}],"about":[{"href":"https:\/\/lydogkabel.dk\/index.php\/wp-json\/wp\/v2\/types\/product"}],"wp:featuredmedia":[{"embeddable":true,"href":"https:\/\/lydogkabel.dk\/index.php\/wp-json\/wp\/v2\/media\/46"}],"wp:attachment":[{"href":"https:\/\/lydogkabel.dk\/index.php\/wp-json\/wp\/v2\/media?parent=16"}],"wp:term":[{"taxonomy":"product_brand","embeddable":true,"href":"https:\/\/lydogkabel.dk\/index.php\/wp-json\/wp\/v2\/product_brand?post=16"},{"taxonomy":"product_cat","embeddable":true,"href":"https:\/\/lydogkabel.dk\/index.php\/wp-json\/wp\/v2\/product_cat?post=16"},{"taxonomy":"product_tag","embeddable":true,"href":"https:\/\/lydogkabel.dk\/index.php\/wp-json\/wp\/v2\/product_tag?post=16"}],"curies":[{"name":"wp","href":"https:\/\/api.w.org\/{rel}","templated":true}]}}