{"id":15,"date":"2019-09-19T11:51:16","date_gmt":"2019-09-19T09:51:16","guid":{"rendered":"http:\/\/lydogkabel.dk\/index.php\/vare\/import-placeholder-for-814\/"},"modified":"2022-10-11T23:55:31","modified_gmt":"2022-10-11T21:55:31","slug":"xindak-rca-ac-03-1-meter","status":"publish","type":"product","link":"https:\/\/lydogkabel.dk\/index.php\/vare\/xindak-rca-ac-03-1-meter\/","title":{"rendered":"Xindak RCA AC-03 (1 meter)"},"content":{"rendered":"<p>Materialet som er brugt i dette kabel er rent 6N kobber (99,9999). <\/p>\n<p>Fra AC-01 til AC-03 h\u00f8res forskellen hovedsageligt i mellemtonen og i de h\u00f8jere frekvenser, de disse fremst\u00e5r med bedre opl\u00f8sning. <\/p>\n<p>Vi er i den bedre ende af entry level omr\u00e5det<\/p>\n","protected":false},"excerpt":{"rendered":"<p>Materialet som er brugt i dette kabel er rent 6N kobber (99,9999). Fra [&hellip;]<\/p>\n","protected":false},"featured_media":45,"template":"","meta":{"_acf_changed":false},"product_brand":[],"product_cat":[17],"product_tag":[27,19,20,21,22,23,24,25,26],"class_list":{"0":"post-15","1":"product","2":"type-product","3":"status-publish","4":"has-post-thumbnail","6":"product_cat-phono-kabel-rca","7":"product_tag-ac-03","8":"product_tag-kabel","9":"product_tag-kabler","10":"product_tag-phono","11":"product_tag-rca","12":"product_tag-signal","13":"product_tag-signalkabel","14":"product_tag-signalkabler","15":"product_tag-xindak","17":"first","18":"outofstock","19":"taxable","20":"shipping-taxable","21":"purchasable","22":"product-type-simple"},"acf":[],"_links":{"self":[{"href":"https:\/\/lydogkabel.dk\/index.php\/wp-json\/wp\/v2\/product\/15","targetHints":{"allow":["GET"]}}],"collection":[{"href":"https:\/\/lydogkabel.dk\/index.php\/wp-json\/wp\/v2\/product"}],"about":[{"href":"https:\/\/lydogkabel.dk\/index.php\/wp-json\/wp\/v2\/types\/product"}],"wp:featuredmedia":[{"embeddable":true,"href":"https:\/\/lydogkabel.dk\/index.php\/wp-json\/wp\/v2\/media\/45"}],"wp:attachment":[{"href":"https:\/\/lydogkabel.dk\/index.php\/wp-json\/wp\/v2\/media?parent=15"}],"wp:term":[{"taxonomy":"product_brand","embeddable":true,"href":"https:\/\/lydogkabel.dk\/index.php\/wp-json\/wp\/v2\/product_brand?post=15"},{"taxonomy":"product_cat","embeddable":true,"href":"https:\/\/lydogkabel.dk\/index.php\/wp-json\/wp\/v2\/product_cat?post=15"},{"taxonomy":"product_tag","embeddable":true,"href":"https:\/\/lydogkabel.dk\/index.php\/wp-json\/wp\/v2\/product_tag?post=15"}],"curies":[{"name":"wp","href":"https:\/\/api.w.org\/{rel}","templated":true}]}}