{"id":1591,"date":"2019-11-11T09:37:47","date_gmt":"2019-11-11T08:37:47","guid":{"rendered":"http:\/\/lydogkabel.dk\/?page_id=1591"},"modified":"2023-02-17T15:02:31","modified_gmt":"2023-02-17T14:02:31","slug":"om-lyd-og-kabel","status":"publish","type":"page","link":"https:\/\/lydogkabel.dk\/index.php\/om-lyd-og-kabel\/","title":{"rendered":"Om Lyd og Kabel"},"content":{"rendered":"\n<h2 class=\"wp-block-heading\">HIFI<\/h2>\n\n\n\n<p>Hifi er mange ting.<\/p>\n\n\n\n<p>Lydogkabel s\u00e5 dagens lys d. 25. juli 2016. Lyd og kabel signalerer alene ved sit navn, at dette er en specialiseret butik, der ikke gemmer sig bag et fancy eller sofistikeret navn, men vedst\u00e5r sig at v\u00e6re det som det drejer sig om, nemlig god lyd med et tilbud om de rigtige kabler.<\/p>\n\n\n\n<p>Lyd og kabel pr\u00e6senterer&nbsp; Hifi og High-end produkter fra deres adresse Reberbanevej 8, 8900 Randers C. Butikken har tilh\u00f8rende webshop, s\u00e5ledes, at der kan bestilles kvalitets HIFI til rimelige priser, uanset hvor i landet du bor.<\/p>\n\n\n\n<h2 class=\"wp-block-heading\">Lyd &amp; Kabel<\/h2>\n\n\n\n<p>Fra webshoppen s\u00e6lges kvalitets HIFI, og Lyd &amp; Kabel kendes p\u00e5 sin s\u00e6rligt gode kundeservice, sin fleksibilitet, \u00e6rlighed, kundearrangementer, stabilitet og kvalitet. Har du s\u00e6rlige \u00f8nsker, s\u00e5 er du altid velkommen til, at kontakte Lyd &amp; Kabel, som vil g\u00f8re sig de st\u00f8rste bestr\u00e6belser for at opfylde netop dine \u00f8nsker. Det vil ogs\u00e5 v\u00e6re muligt at booke personlige demonstrationer af udstyr udenfor butikkens \u00e5bningstider, hvor butikken vil \u00e5bnes op kun med henblik p\u00e5 den enkelte demo.<\/p>\n\n\n\n<p>Som med de bedste biler, s\u00e5 er der ogs\u00e5 HIFI produkter, som holder en pris og kvalitet, selv om de har en del \u00e5r p\u00e5 bagen. Derfor vil det ogs\u00e5 v\u00e6re muligt, at vi kan tage brugt kvalitets HIFI i bytte for nye produkter, s\u00e5fremt vi vurderer, at det er en kvalitet som vi kan st\u00e5 inde for. Efter en gennemgang og optimering hos vores servicev\u00e6rksted, vil disse retro produkter blive videresolgt via vores webshop <a href=\"http:\/\/lydogkable.dk\/\">www.lydogkabel.dk<\/a><\/p>\n\n\n\n<h2 class=\"wp-block-heading\">Kvalitet<\/h2>\n\n\n\n<p>Lyd &amp; Kabel produkter fra f\u00f8lgende brands:&nbsp; Xavian, Atoll Electronique, Xindak, Rega, Parasound, System \u2013Audio, Supra Cables, Electrocompaniet og Ortofon mv. Lyd og Kabel koncentrerer sig i f\u00f8rste omgang om, at pr\u00e6sentere disse m\u00e6rker for sine kunder, men vi holder os l\u00f8bende ajour med andre sp\u00e6ndende brands.<\/p>\n\n\n\n<p>Lyd og kabel vil desuden v\u00e6re repr\u00e6senteret p\u00e5 diverse HIFI og HIGHEND messer i ind- og udland, hvor vi til dels vil pr\u00e6sentere vores egne produkter, men ogs\u00e5 holde os ajour med hvad der r\u00f8rer sig rundt om i verden indenfor god lyd og kabel.&nbsp;<\/p>\n\n\n\n<p><\/p>\n","protected":false},"excerpt":{"rendered":"<p>HIFI Hifi er mange ting. Lydogkabel s\u00e5 dagens lys d. 25. juli 2016. [&hellip;]<\/p>\n","protected":false},"author":1,"featured_media":0,"parent":0,"menu_order":0,"comment_status":"closed","ping_status":"closed","template":"","meta":{"_acf_changed":false,"footnotes":""},"class_list":["post-1591","page","type-page","status-publish","hentry"],"acf":[],"_links":{"self":[{"href":"https:\/\/lydogkabel.dk\/index.php\/wp-json\/wp\/v2\/pages\/1591","targetHints":{"allow":["GET"]}}],"collection":[{"href":"https:\/\/lydogkabel.dk\/index.php\/wp-json\/wp\/v2\/pages"}],"about":[{"href":"https:\/\/lydogkabel.dk\/index.php\/wp-json\/wp\/v2\/types\/page"}],"author":[{"embeddable":true,"href":"https:\/\/lydogkabel.dk\/index.php\/wp-json\/wp\/v2\/users\/1"}],"replies":[{"embeddable":true,"href":"https:\/\/lydogkabel.dk\/index.php\/wp-json\/wp\/v2\/comments?post=1591"}],"version-history":[{"count":0,"href":"https:\/\/lydogkabel.dk\/index.php\/wp-json\/wp\/v2\/pages\/1591\/revisions"}],"wp:attachment":[{"href":"https:\/\/lydogkabel.dk\/index.php\/wp-json\/wp\/v2\/media?parent=1591"}],"curies":[{"name":"wp","href":"https:\/\/api.w.org\/{rel}","templated":true}]}}